{"id":13,"date":"2024-03-08T12:03:49","date_gmt":"2024-03-08T09:03:49","guid":{"rendered":"https:\/\/gencoglualtin.com\/?page_id=13"},"modified":"2026-02-09T17:05:33","modified_gmt":"2026-02-09T14:05:33","slug":"anasayfa","status":"publish","type":"page","link":"https:\/\/gencoglualtin.com\/","title":{"rendered":"Anasayfa"},"content":{"rendered":"\t\t<div data-elementor-type=\"wp-page\" data-elementor-id=\"13\" class=\"elementor elementor-13\" data-elementor-settings=\"{&quot;element_pack_global_tooltip_width&quot;:{&quot;unit&quot;:&quot;px&quot;,&quot;size&quot;:&quot;&quot;,&quot;sizes&quot;:[]},&quot;element_pack_global_tooltip_width_tablet&quot;:{&quot;unit&quot;:&quot;px&quot;,&quot;size&quot;:&quot;&quot;,&quot;sizes&quot;:[]},&quot;element_pack_global_tooltip_width_mobile&quot;:{&quot;unit&quot;:&quot;px&quot;,&quot;size&quot;:&quot;&quot;,&quot;sizes&quot;:[]},&quot;element_pack_global_tooltip_padding&quot;:{&quot;unit&quot;:&quot;px&quot;,&quot;top&quot;:&quot;&quot;,&quot;right&quot;:&quot;&quot;,&quot;bottom&quot;:&quot;&quot;,&quot;left&quot;:&quot;&quot;,&quot;isLinked&quot;:true},&quot;element_pack_global_tooltip_padding_tablet&quot;:{&quot;unit&quot;:&quot;px&quot;,&quot;top&quot;:&quot;&quot;,&quot;right&quot;:&quot;&quot;,&quot;bottom&quot;:&quot;&quot;,&quot;left&quot;:&quot;&quot;,&quot;isLinked&quot;:true},&quot;element_pack_global_tooltip_padding_mobile&quot;:{&quot;unit&quot;:&quot;px&quot;,&quot;top&quot;:&quot;&quot;,&quot;right&quot;:&quot;&quot;,&quot;bottom&quot;:&quot;&quot;,&quot;left&quot;:&quot;&quot;,&quot;isLinked&quot;:true},&quot;element_pack_global_tooltip_border_radius&quot;:{&quot;unit&quot;:&quot;px&quot;,&quot;top&quot;:&quot;&quot;,&quot;right&quot;:&quot;&quot;,&quot;bottom&quot;:&quot;&quot;,&quot;left&quot;:&quot;&quot;,&quot;isLinked&quot;:true},&quot;element_pack_global_tooltip_border_radius_tablet&quot;:{&quot;unit&quot;:&quot;px&quot;,&quot;top&quot;:&quot;&quot;,&quot;right&quot;:&quot;&quot;,&quot;bottom&quot;:&quot;&quot;,&quot;left&quot;:&quot;&quot;,&quot;isLinked&quot;:true},&quot;element_pack_global_tooltip_border_radius_mobile&quot;:{&quot;unit&quot;:&quot;px&quot;,&quot;top&quot;:&quot;&quot;,&quot;right&quot;:&quot;&quot;,&quot;bottom&quot;:&quot;&quot;,&quot;left&quot;:&quot;&quot;,&quot;isLinked&quot;:true}}\" data-elementor-post-type=\"page\">\n\t\t\t\t<div class=\"elementor-element elementor-element-0cb05c5 e-flex e-con-boxed e-con e-parent\" data-id=\"0cb05c5\" data-element_type=\"container\" data-e-type=\"container\" data-settings=\"{&quot;background_background&quot;:&quot;slideshow&quot;,&quot;background_slideshow_gallery&quot;:[{&quot;id&quot;:68,&quot;url&quot;:&quot;http:\\\/\\\/gencoglualtin.com\\\/wp-content\\\/uploads\\\/2024\\\/03\\\/indir.jpg&quot;},{&quot;id&quot;:70,&quot;url&quot;:&quot;http:\\\/\\\/gencoglualtin.com\\\/wp-content\\\/uploads\\\/2024\\\/03\\\/bacggg.png&quot;}],&quot;background_slideshow_slide_transition&quot;:&quot;slide_down&quot;,&quot;background_slideshow_loop&quot;:&quot;yes&quot;,&quot;background_slideshow_slide_duration&quot;:5000,&quot;background_slideshow_transition_duration&quot;:500}\">\n\t\t\t\t\t<div class=\"e-con-inner\">\n\t\t<div class=\"elementor-element elementor-element-15df78b e-flex e-con-boxed e-con e-child\" data-id=\"15df78b\" data-element_type=\"container\" data-e-type=\"container\">\n\t\t\t\t\t<div class=\"e-con-inner\">\n\t\t\t\t<div class=\"elementor-element elementor-element-cb3f22c elementor-widget elementor-widget-image\" data-id=\"cb3f22c\" data-element_type=\"widget\" data-e-type=\"widget\" data-widget_type=\"image.default\">\n\t\t\t\t<div class=\"elementor-widget-container\">\n\t\t\t\t\t\t\t\t\t\t\t\t\t\t\t<img fetchpriority=\"high\" decoding=\"async\" width=\"228\" height=\"256\" src=\"https:\/\/gencoglualtin.com\/wp-content\/uploads\/2024\/03\/logo-white.png\" class=\"attachment-large size-large wp-image-54\" alt=\"\" \/>\t\t\t\t\t\t\t\t\t\t\t\t\t\t\t<\/div>\n\t\t\t\t<\/div>\n\t\t\t\t<div class=\"elementor-element elementor-element-9f04f82 elementor-widget elementor-widget-heading\" data-id=\"9f04f82\" data-element_type=\"widget\" data-e-type=\"widget\" data-widget_type=\"heading.default\">\n\t\t\t\t<div class=\"elementor-widget-container\">\n\t\t\t\t\t<h2 class=\"elementor-heading-title elementor-size-default\">Yeniden a\u015fka <br>yolculuk edin.<\/h2>\t\t\t\t<\/div>\n\t\t\t\t<\/div>\n\t\t\t\t<div class=\"elementor-element elementor-element-c92dcd9 elementor-widget elementor-widget-heading\" data-id=\"c92dcd9\" data-element_type=\"widget\" data-e-type=\"widget\" data-widget_type=\"heading.default\">\n\t\t\t\t<div class=\"elementor-widget-container\">\n\t\t\t\t\t<h2 class=\"elementor-heading-title elementor-size-default\">Sevdiklerinize sevildiklerini hissetirmek i\u00e7in ge\u00e7 kalmay\u0131n.<\/h2>\t\t\t\t<\/div>\n\t\t\t\t<\/div>\n\t\t\t\t<div class=\"elementor-element elementor-element-3693441 elementor-widget elementor-widget-button\" data-id=\"3693441\" data-element_type=\"widget\" data-e-type=\"widget\" data-widget_type=\"button.default\">\n\t\t\t\t<div class=\"elementor-widget-container\">\n\t\t\t\t\t\t\t\t\t<div class=\"elementor-button-wrapper\">\n\t\t\t\t\t<a class=\"elementor-button elementor-button-link elementor-size-sm elementor-animation-grow\" href=\"https:\/\/gencoglualtin.com\/index.php\/biz-kimiz\/\">\n\t\t\t\t\t\t<span class=\"elementor-button-content-wrapper\">\n\t\t\t\t\t\t\t\t\t<span class=\"elementor-button-text\">Bizi ke\u015ffedin.<\/span>\n\t\t\t\t\t<\/span>\n\t\t\t\t\t<\/a>\n\t\t\t\t<\/div>\n\t\t\t\t\t\t\t\t<\/div>\n\t\t\t\t<\/div>\n\t\t\t\t\t<\/div>\n\t\t\t\t<\/div>\n\t\t<div class=\"elementor-element elementor-element-f1b5e92 elementor-hidden-mobile e-flex e-con-boxed e-con e-child\" data-id=\"f1b5e92\" data-element_type=\"container\" data-e-type=\"container\">\n\t\t\t\t\t<div class=\"e-con-inner\">\n\t\t\t\t\t<\/div>\n\t\t\t\t<\/div>\n\t\t\t\t\t<\/div>\n\t\t\t\t<\/div>\n\t\t<div class=\"elementor-element elementor-element-28b300a e-flex e-con-boxed e-con e-parent\" data-id=\"28b300a\" data-element_type=\"container\" data-e-type=\"container\">\n\t\t\t\t\t<div class=\"e-con-inner\">\n\t\t<div class=\"elementor-element elementor-element-72dd74c e-con-full e-flex e-con e-child\" data-id=\"72dd74c\" data-element_type=\"container\" data-e-type=\"container\">\n\t\t\t\t<div class=\"elementor-element elementor-element-e2406bd elementor-widget elementor-widget-image\" data-id=\"e2406bd\" data-element_type=\"widget\" data-e-type=\"widget\" data-widget_type=\"image.default\">\n\t\t\t\t<div class=\"elementor-widget-container\">\n\t\t\t\t\t\t\t\t\t\t\t\t\t\t\t<img decoding=\"async\" width=\"228\" height=\"256\" src=\"https:\/\/gencoglualtin.com\/wp-content\/uploads\/2024\/03\/logoorginial.png\" class=\"attachment-large size-large wp-image-53\" alt=\"\" \/>\t\t\t\t\t\t\t\t\t\t\t\t\t\t\t<\/div>\n\t\t\t\t<\/div>\n\t\t\t\t<div class=\"elementor-element elementor-element-9828bdf elementor-widget elementor-widget-heading\" data-id=\"9828bdf\" data-element_type=\"widget\" data-e-type=\"widget\" data-widget_type=\"heading.default\">\n\t\t\t\t<div class=\"elementor-widget-container\">\n\t\t\t\t\t<h2 class=\"elementor-heading-title elementor-size-default\">Hakk\u0131m\u0131zda \u00f6\u011frenmek istedi\u011finiz baz\u0131 \u00f6nemli noktalar...<\/h2>\t\t\t\t<\/div>\n\t\t\t\t<\/div>\n\t\t\t\t<div class=\"elementor-element elementor-element-aed4a3b elementor-widget elementor-widget-text-editor\" data-id=\"aed4a3b\" data-element_type=\"widget\" data-e-type=\"widget\" data-widget_type=\"text-editor.default\">\n\t\t\t\t<div class=\"elementor-widget-container\">\n\t\t\t\t\t\t\t\t\tGen\u00e7o\u011flu Kuyumculuk, Ba\u011fc\u0131lar Cad. No. 126\/A\nG\u00fcng\u00f6ren\/\u0130stanbul bulunan bir m\u00fccevher ve kuyumculuk ma\u011fazas\u0131d\u0131r. 2015 y\u0131l\u0131nda kurulan firma, m\u00fc\u015fterilerine y\u00fcksek kaliteli tak\u0131 ve m\u00fccevherler sunmaktad\u0131r.\t\t\t\t\t\t\t\t<\/div>\n\t\t\t\t<\/div>\n\t\t\t\t<\/div>\n\t\t<div class=\"elementor-element elementor-element-2104f6a e-con-full e-flex e-con e-child\" data-id=\"2104f6a\" data-element_type=\"container\" data-e-type=\"container\">\n\t\t\t\t<div class=\"elementor-element elementor-element-bbff1a1 elementor-widget elementor-widget-text-editor\" data-id=\"bbff1a1\" data-element_type=\"widget\" data-e-type=\"widget\" data-widget_type=\"text-editor.default\">\n\t\t\t\t<div class=\"elementor-widget-container\">\n\t\t\t\t\t\t\t\t\tGen\u00e7o\u011flu Kuyumculuk, uzman personeli ile birlikte m\u00fc\u015fterilerine geni\u015f bir \u00fcr\u00fcn yelpazesi sunmaktad\u0131r. Ma\u011fazada bulabilece\u011finiz \u00fcr\u00fcnler aras\u0131nda p\u0131rlanta, elmas, alt\u0131n, g\u00fcm\u00fc\u015f ve daha bir\u00e7ok k\u0131ymetli ta\u015f bulunmaktad\u0131r. Ayr\u0131ca, m\u00fc\u015fterilerin \u00f6zel istekleri do\u011frultusunda \u00f6zel tasar\u0131mlar da yap\u0131lmaktad\u0131r.\n<br><br>\nGen\u00e7o\u011flu Kuyumculuk, m\u00fc\u015fterilerine en kaliteli \u00fcr\u00fcnleri sunman\u0131n yan\u0131 s\u0131ra, m\u00fc\u015fteri memnuniyetine de \u00f6nem vermektedir. Firma, m\u00fc\u015fteri memnuniyetini en \u00fcst seviyede tutmak i\u00e7in i\u015finde uzman \u00e7al\u0131\u015fanlar\u0131 ile birlikte samimi ve g\u00fcvenilir bir hizmet sunmaktad\u0131r\t\t\t\t\t\t\t\t<\/div>\n\t\t\t\t<\/div>\n\t\t\t\t<div class=\"elementor-element elementor-element-02afd4a elementor-widget elementor-widget-button\" data-id=\"02afd4a\" data-element_type=\"widget\" data-e-type=\"widget\" data-widget_type=\"button.default\">\n\t\t\t\t<div class=\"elementor-widget-container\">\n\t\t\t\t\t\t\t\t\t<div class=\"elementor-button-wrapper\">\n\t\t\t\t\t<a class=\"elementor-button elementor-button-link elementor-size-sm elementor-animation-grow\" href=\"https:\/\/gencoglualtin.com\/index.php\/biz-kimiz\/\">\n\t\t\t\t\t\t<span class=\"elementor-button-content-wrapper\">\n\t\t\t\t\t\t\t\t\t<span class=\"elementor-button-text\">Okumaya Devam Edin.<\/span>\n\t\t\t\t\t<\/span>\n\t\t\t\t\t<\/a>\n\t\t\t\t<\/div>\n\t\t\t\t\t\t\t\t<\/div>\n\t\t\t\t<\/div>\n\t\t\t\t<\/div>\n\t\t<div class=\"elementor-element elementor-element-581c273 e-con-full e-flex e-con e-child\" data-id=\"581c273\" data-element_type=\"container\" data-e-type=\"container\">\n\t\t\t\t<div class=\"elementor-element elementor-element-b7dd1f8 elementor-widget elementor-widget-image\" data-id=\"b7dd1f8\" data-element_type=\"widget\" data-e-type=\"widget\" data-widget_type=\"image.default\">\n\t\t\t\t<div class=\"elementor-widget-container\">\n\t\t\t\t\t\t\t\t\t\t\t\t\t\t\t<img decoding=\"async\" width=\"640\" height=\"360\" src=\"https:\/\/gencoglualtin.com\/wp-content\/uploads\/2024\/03\/istockphoto-1356817333-640x640-1.jpg\" class=\"attachment-large size-large wp-image-82\" alt=\"\" srcset=\"https:\/\/gencoglualtin.com\/wp-content\/uploads\/2024\/03\/istockphoto-1356817333-640x640-1.jpg 640w, https:\/\/gencoglualtin.com\/wp-content\/uploads\/2024\/03\/istockphoto-1356817333-640x640-1-600x338.jpg 600w, https:\/\/gencoglualtin.com\/wp-content\/uploads\/2024\/03\/istockphoto-1356817333-640x640-1-300x169.jpg 300w\" sizes=\"(max-width: 640px) 100vw, 640px\" \/>\t\t\t\t\t\t\t\t\t\t\t\t\t\t\t<\/div>\n\t\t\t\t<\/div>\n\t\t\t\t<\/div>\n\t\t\t\t\t<\/div>\n\t\t\t\t<\/div>\n\t\t<div class=\"elementor-element elementor-element-a8715d8 e-flex e-con-boxed e-con e-parent\" data-id=\"a8715d8\" data-element_type=\"container\" data-e-type=\"container\" data-settings=\"{&quot;background_background&quot;:&quot;gradient&quot;}\">\n\t\t\t\t\t<div class=\"e-con-inner\">\n\t\t<div class=\"elementor-element elementor-element-6d38ddc e-con-full e-flex e-con e-child\" data-id=\"6d38ddc\" data-element_type=\"container\" data-e-type=\"container\">\n\t\t\t\t<div class=\"elementor-element elementor-element-da0a444 elementor-widget elementor-widget-image\" data-id=\"da0a444\" data-element_type=\"widget\" data-e-type=\"widget\" data-widget_type=\"image.default\">\n\t\t\t\t<div class=\"elementor-widget-container\">\n\t\t\t\t\t\t\t\t\t\t\t\t\t\t\t<img decoding=\"async\" width=\"228\" height=\"256\" src=\"https:\/\/gencoglualtin.com\/wp-content\/uploads\/2024\/03\/logoorginial.png\" class=\"attachment-large size-large wp-image-53\" alt=\"\" \/>\t\t\t\t\t\t\t\t\t\t\t\t\t\t\t<\/div>\n\t\t\t\t<\/div>\n\t\t\t\t<div class=\"elementor-element elementor-element-d10179a elementor-widget elementor-widget-heading\" data-id=\"d10179a\" data-element_type=\"widget\" data-e-type=\"widget\" data-widget_type=\"heading.default\">\n\t\t\t\t<div class=\"elementor-widget-container\">\n\t\t\t\t\t<h2 class=\"elementor-heading-title elementor-size-default\">Siz en g\u00fczeline lay\u0131ks\u0131n\u0131z.<\/h2>\t\t\t\t<\/div>\n\t\t\t\t<\/div>\n\t\t\t\t<div class=\"elementor-element elementor-element-5970f23 elementor-widget elementor-widget-text-editor\" data-id=\"5970f23\" data-element_type=\"widget\" data-e-type=\"widget\" data-widget_type=\"text-editor.default\">\n\t\t\t\t<div class=\"elementor-widget-container\">\n\t\t\t\t\t\t\t\t\tSevdiklerinizle en \u00f6zel g\u00fcnlerinizi en g\u00fczel hediyelerle ge\u00e7irin.\t\t\t\t\t\t\t\t<\/div>\n\t\t\t\t<\/div>\n\t\t\t\t<\/div>\n\t\t<div class=\"elementor-element elementor-element-1526bfa e-con-full e-flex e-con e-child\" data-id=\"1526bfa\" data-element_type=\"container\" data-e-type=\"container\">\n\t\t<a class=\"elementor-element elementor-element-4c5d487 e-flex e-con-boxed e-con e-child\" data-id=\"4c5d487\" data-element_type=\"container\" data-e-type=\"container\" data-settings=\"{&quot;background_background&quot;:&quot;classic&quot;}\" href=\"https:\/\/gencoglualtin.com\/index.php\/urun-kategori\/yuzukler\/\">\n\t\t\t\t\t<div class=\"e-con-inner\">\n\t\t\t\t<div class=\"elementor-element elementor-element-9c9eb46 elementor-widget elementor-widget-heading\" data-id=\"9c9eb46\" data-element_type=\"widget\" data-e-type=\"widget\" data-widget_type=\"heading.default\">\n\t\t\t\t<div class=\"elementor-widget-container\">\n\t\t\t\t\t<h2 class=\"elementor-heading-title elementor-size-default\">Y\u00fcz\u00fckler<\/h2>\t\t\t\t<\/div>\n\t\t\t\t<\/div>\n\t\t\t\t\t<\/div>\n\t\t\t\t<\/a>\n\t\t<a class=\"elementor-element elementor-element-0f5d78d e-flex e-con-boxed e-con e-child\" data-id=\"0f5d78d\" data-element_type=\"container\" data-e-type=\"container\" data-settings=\"{&quot;background_background&quot;:&quot;classic&quot;}\" href=\"https:\/\/gencoglualtin.com\/index.php\/urun-kategori\/bileklikler\/\">\n\t\t\t\t\t<div class=\"e-con-inner\">\n\t\t\t\t<div class=\"elementor-element elementor-element-acd6463 elementor-widget elementor-widget-heading\" data-id=\"acd6463\" data-element_type=\"widget\" data-e-type=\"widget\" data-widget_type=\"heading.default\">\n\t\t\t\t<div class=\"elementor-widget-container\">\n\t\t\t\t\t<h2 class=\"elementor-heading-title elementor-size-default\">Bileklikler<\/h2>\t\t\t\t<\/div>\n\t\t\t\t<\/div>\n\t\t\t\t\t<\/div>\n\t\t\t\t<\/a>\n\t\t<a class=\"elementor-element elementor-element-f967e6c e-flex e-con-boxed e-con e-child\" data-id=\"f967e6c\" data-element_type=\"container\" data-e-type=\"container\" data-settings=\"{&quot;background_background&quot;:&quot;classic&quot;}\" href=\"https:\/\/gencoglualtin.com\/index.php\/urun-kategori\/kupeler\/\">\n\t\t\t\t\t<div class=\"e-con-inner\">\n\t\t\t\t<div class=\"elementor-element elementor-element-dbe3a42 elementor-widget elementor-widget-heading\" data-id=\"dbe3a42\" data-element_type=\"widget\" data-e-type=\"widget\" data-widget_type=\"heading.default\">\n\t\t\t\t<div class=\"elementor-widget-container\">\n\t\t\t\t\t<h2 class=\"elementor-heading-title elementor-size-default\">K\u00fcpeler<\/h2>\t\t\t\t<\/div>\n\t\t\t\t<\/div>\n\t\t\t\t\t<\/div>\n\t\t\t\t<\/a>\n\t\t<a class=\"elementor-element elementor-element-3201e6d e-flex e-con-boxed e-con e-child\" data-id=\"3201e6d\" data-element_type=\"container\" data-e-type=\"container\" data-settings=\"{&quot;background_background&quot;:&quot;classic&quot;}\" href=\"https:\/\/gencoglualtin.com\/index.php\/urun-kategori\/altinlar\/\">\n\t\t\t\t\t<div class=\"e-con-inner\">\n\t\t\t\t<div class=\"elementor-element elementor-element-f2b8ec8 elementor-widget elementor-widget-heading\" data-id=\"f2b8ec8\" data-element_type=\"widget\" data-e-type=\"widget\" data-widget_type=\"heading.default\">\n\t\t\t\t<div class=\"elementor-widget-container\">\n\t\t\t\t\t<h2 class=\"elementor-heading-title elementor-size-default\">Alt\u0131nlar<\/h2>\t\t\t\t<\/div>\n\t\t\t\t<\/div>\n\t\t\t\t\t<\/div>\n\t\t\t\t<\/a>\n\t\t\t\t<\/div>\n\t\t\t\t\t<\/div>\n\t\t\t\t<\/div>\n\t\t<div class=\"elementor-element elementor-element-4697be4 e-flex e-con-boxed e-con e-parent\" data-id=\"4697be4\" data-element_type=\"container\" data-e-type=\"container\">\n\t\t\t\t\t<div class=\"e-con-inner\">\n\t\t\t\t<div class=\"elementor-element elementor-element-0ee086f elementor-widget elementor-widget-heading\" data-id=\"0ee086f\" data-element_type=\"widget\" data-e-type=\"widget\" data-widget_type=\"heading.default\">\n\t\t\t\t<div class=\"elementor-widget-container\">\n\t\t\t\t\t<h2 class=\"elementor-heading-title elementor-size-default\">G\u00fcncel Fiyatlar<\/h2>\t\t\t\t<\/div>\n\t\t\t\t<\/div>\n\t\t\t\t<div class=\"elementor-element elementor-element-6c47104 elementor-widget elementor-widget-html\" data-id=\"6c47104\" data-element_type=\"widget\" data-e-type=\"widget\" data-widget_type=\"html.default\">\n\t\t\t\t<div class=\"elementor-widget-container\">\n\t\t\t\t\t<div class=\"altin-container\">\r\n  <script type=\"text\/javascript\">\r\n    var kurlist=\",ONS,GRA,CYA,YRA,TRA,\";\r\n    var genislik=1200;\r\n    var bbg=\"FFAD00\";\r\n    var yr=\"4D4D4D\";\r\n    var zbg=\"FFFFFF\";\r\n    var br=\"DEDEDE\";\r\n    var by=\"Alt\u0131n Piyasa\";\r\n  <\/script>\r\n\r\n  <ins data-client-id=\"mb-095720171805\"><\/ins>\r\n  <a id=\"bplnk\" href=\"https:\/\/www.altinpiyasa.com\">Alt\u0131n Fiyatlar\u0131<\/a>\r\n<\/div>\r\n\r\n<script src=\"https:\/\/www.altinpiyasa.com\/eklenti\/eklenti-min.js\"><\/script>\t\t\t\t<\/div>\n\t\t\t\t<\/div>\n\t\t\t\t\t<\/div>\n\t\t\t\t<\/div>\n\t\t\t\t<\/div>\n\t\t","protected":false},"excerpt":{"rendered":"<p>Yeniden a\u015fka yolculuk edin. Sevdiklerinize sevildiklerini hissetirmek i\u00e7in ge\u00e7 kalmay\u0131n. Bizi ke\u015ffedin. Hakk\u0131m\u0131zda \u00f6\u011frenmek istedi\u011finiz baz\u0131 \u00f6nemli noktalar&#8230; Gen\u00e7o\u011flu Kuyumculuk, Ba\u011fc\u0131lar Cad. No. 126\/A G\u00fcng\u00f6ren\/\u0130stanbul bulunan bir m\u00fccevher ve kuyumculuk ma\u011fazas\u0131d\u0131r. 2015 y\u0131l\u0131nda kurulan firma, m\u00fc\u015fterilerine y\u00fcksek kaliteli tak\u0131 ve m\u00fccevherler sunmaktad\u0131r.Gen\u00e7o\u011flu Kuyumculuk, uzman personeli ile birlikte m\u00fc\u015fterilerine geni\u015f bir \u00fcr\u00fcn yelpazesi sunmaktad\u0131r. Ma\u011fazada bulabilece\u011finiz &#8230; <a title=\"Anasayfa\" class=\"read-more\" href=\"https:\/\/gencoglualtin.com\/\" aria-label=\"Read more about Anasayfa\">Devam\u0131n\u0131 oku<\/a><\/p>\n","protected":false},"author":1,"featured_media":0,"parent":0,"menu_order":0,"comment_status":"closed","ping_status":"closed","template":"elementor_header_footer","meta":{"footnotes":""},"class_list":["post-13","page","type-page","status-publish"],"lang":"tr","translations":{"tr":13,"en":694},"jetpack_sharing_enabled":true,"pll_sync_post":[],"_links":{"self":[{"href":"https:\/\/gencoglualtin.com\/index.php\/wp-json\/wp\/v2\/pages\/13","targetHints":{"allow":["GET"]}}],"collection":[{"href":"https:\/\/gencoglualtin.com\/index.php\/wp-json\/wp\/v2\/pages"}],"about":[{"href":"https:\/\/gencoglualtin.com\/index.php\/wp-json\/wp\/v2\/types\/page"}],"author":[{"embeddable":true,"href":"https:\/\/gencoglualtin.com\/index.php\/wp-json\/wp\/v2\/users\/1"}],"replies":[{"embeddable":true,"href":"https:\/\/gencoglualtin.com\/index.php\/wp-json\/wp\/v2\/comments?post=13"}],"version-history":[{"count":167,"href":"https:\/\/gencoglualtin.com\/index.php\/wp-json\/wp\/v2\/pages\/13\/revisions"}],"predecessor-version":[{"id":1975,"href":"https:\/\/gencoglualtin.com\/index.php\/wp-json\/wp\/v2\/pages\/13\/revisions\/1975"}],"wp:attachment":[{"href":"https:\/\/gencoglualtin.com\/index.php\/wp-json\/wp\/v2\/media?parent=13"}],"curies":[{"name":"wp","href":"https:\/\/api.w.org\/{rel}","templated":true}]}}